{"id":1716,"date":"2024-12-05T16:25:43","date_gmt":"2024-12-05T15:25:43","guid":{"rendered":"https:\/\/kemmewines.nl\/?post_type=product&#038;p=1716"},"modified":"2024-12-18T16:43:50","modified_gmt":"2024-12-18T15:43:50","slug":"chateau-meyney","status":"publish","type":"product","link":"https:\/\/kemmewines.nl\/en\/product\/chateau-meyney\/","title":{"rendered":"Ch\u00e2teau Meyney"},"content":{"rendered":"","protected":false},"excerpt":{"rendered":"<p data-pm-slice=\"1 1 []\">The 2017 Ch\u00e2teau Meyney is a classic Saint-Est\u00e8phe wine that embodies the depth and structure of this renowned appellation. Located on the banks of the Gironde, Ch\u00e2teau Meyney boasts 51 hectares of vineyards characterised by deep gravel and clay soils, including a unique layer of blue clay also found at iconic neighbours such as Ch\u00e2teau Montrose.<\/p>\n<p>The blend of the 2017 vintage consists of 55% Cabernet Sauvignon, 30% Merlot and 15% Petit Verdot. This carefully balanced composition delivers a wine with both power and finesse, with each grape variety playing a specific role in the flavour profile.<\/p>\n<p>In the glass, the wine presents itself with a deep ruby red colour. The bouquet opens with enticing aromas of blackcurrant, cassis, violets and subtle hints of cedar and tobacco. On the palette, the 2017 Ch\u00e2teau Meyney offers a firm structure with ripe tannins and nice freshness. Flavours of ripe blackberries, dark chocolate and a hint of graphite are complemented by a long, mineral finish.<\/p>\n<p>The wine has matured for 18 months in French oak barrels, 30% of which are new. This ageing adds delicate complexity and spicy notes, while preserving the purity of the fruit and terroir.<\/p>\n<p>Ch\u00e2teau Meyney 2017 is a wine with great storage potential and will continue to develop over the next 10 to 15 years. Perfect to pair with grilled lamb chops, game stews or an entrecote with a red wine sauce. It is an impressive wine that reflects the tradition and craftsmanship of this historic winery.<\/p>","protected":false},"featured_media":1823,"comment_status":"open","ping_status":"closed","template":"","meta":{"site-sidebar-layout":"default","site-content-layout":"","ast-site-content-layout":"default","site-content-style":"default","site-sidebar-style":"default","ast-global-header-display":"","ast-banner-title-visibility":"","ast-main-header-display":"","ast-hfb-above-header-display":"","ast-hfb-below-header-display":"","ast-hfb-mobile-header-display":"","site-post-title":"","ast-breadcrumbs-content":"","ast-featured-img":"","footer-sml-layout":"","ast-disable-related-posts":"","theme-transparent-header-meta":"default","adv-header-id-meta":"","stick-header-meta":"default","header-above-stick-meta":"","header-main-stick-meta":"","header-below-stick-meta":"","astra-migrate-meta-layouts":"set","ast-page-background-enabled":"default","ast-page-background-meta":{"desktop":{"background-color":"var(--ast-global-color-4)","background-image":"","background-repeat":"repeat","background-position":"center center","background-size":"auto","background-attachment":"scroll","background-type":"","background-media":"","overlay-type":"","overlay-color":"","overlay-opacity":"","overlay-gradient":""},"tablet":{"background-color":"","background-image":"","background-repeat":"repeat","background-position":"center center","background-size":"auto","background-attachment":"scroll","background-type":"","background-media":"","overlay-type":"","overlay-color":"","overlay-opacity":"","overlay-gradient":""},"mobile":{"background-color":"","background-image":"","background-repeat":"repeat","background-position":"center center","background-size":"auto","background-attachment":"scroll","background-type":"","background-media":"","overlay-type":"","overlay-color":"","overlay-opacity":"","overlay-gradient":""}},"ast-content-background-meta":{"desktop":{"background-color":"var(--ast-global-color-5)","background-image":"","background-repeat":"repeat","background-position":"center center","background-size":"auto","background-attachment":"scroll","background-type":"","background-media":"","overlay-type":"","overlay-color":"","overlay-opacity":"","overlay-gradient":""},"tablet":{"background-color":"var(--ast-global-color-5)","background-image":"","background-repeat":"repeat","background-position":"center center","background-size":"auto","background-attachment":"scroll","background-type":"","background-media":"","overlay-type":"","overlay-color":"","overlay-opacity":"","overlay-gradient":""},"mobile":{"background-color":"var(--ast-global-color-5)","background-image":"","background-repeat":"repeat","background-position":"center center","background-size":"auto","background-attachment":"scroll","background-type":"","background-media":"","overlay-type":"","overlay-color":"","overlay-opacity":"","overlay-gradient":""}}},"product_brand":[],"product_cat":[79],"product_tag":[176],"class_list":{"0":"post-1716","1":"product","2":"type-product","3":"status-publish","4":"has-post-thumbnail","6":"product_cat-rode-wijnen","7":"product_tag-chateau-meyney","8":"pa_regio-bordeaux","9":"pa_wijnhuis-chateau-meyney","10":"desktop-align-center","11":"tablet-align-left","12":"mobile-align-center","13":"ast-product-gallery-layout-horizontal-slider","14":"ast-product-gallery-with-no-image","15":"ast-product-tabs-layout-horizontal","17":"first","18":"instock","19":"taxable","20":"shipping-taxable","21":"product-type-simple"},"_links":{"self":[{"href":"https:\/\/kemmewines.nl\/en\/wp-json\/wp\/v2\/product\/1716","targetHints":{"allow":["GET"]}}],"collection":[{"href":"https:\/\/kemmewines.nl\/en\/wp-json\/wp\/v2\/product"}],"about":[{"href":"https:\/\/kemmewines.nl\/en\/wp-json\/wp\/v2\/types\/product"}],"replies":[{"embeddable":true,"href":"https:\/\/kemmewines.nl\/en\/wp-json\/wp\/v2\/comments?post=1716"}],"version-history":[{"count":1,"href":"https:\/\/kemmewines.nl\/en\/wp-json\/wp\/v2\/product\/1716\/revisions"}],"predecessor-version":[{"id":1717,"href":"https:\/\/kemmewines.nl\/en\/wp-json\/wp\/v2\/product\/1716\/revisions\/1717"}],"wp:featuredmedia":[{"embeddable":true,"href":"https:\/\/kemmewines.nl\/en\/wp-json\/wp\/v2\/media\/1823"}],"wp:attachment":[{"href":"https:\/\/kemmewines.nl\/en\/wp-json\/wp\/v2\/media?parent=1716"}],"wp:term":[{"taxonomy":"product_brand","embeddable":true,"href":"https:\/\/kemmewines.nl\/en\/wp-json\/wp\/v2\/product_brand?post=1716"},{"taxonomy":"product_cat","embeddable":true,"href":"https:\/\/kemmewines.nl\/en\/wp-json\/wp\/v2\/product_cat?post=1716"},{"taxonomy":"product_tag","embeddable":true,"href":"https:\/\/kemmewines.nl\/en\/wp-json\/wp\/v2\/product_tag?post=1716"}],"curies":[{"name":"wp","href":"https:\/\/api.w.org\/{rel}","templated":true}]}}