{"id":1726,"date":"2024-12-05T19:41:21","date_gmt":"2024-12-05T18:41:21","guid":{"rendered":"https:\/\/kemmewines.nl\/?post_type=product&#038;p=1726"},"modified":"2024-12-18T16:40:54","modified_gmt":"2024-12-18T15:40:54","slug":"chateau-pichon-baron","status":"publish","type":"product","link":"https:\/\/kemmewines.nl\/en\/product\/chateau-pichon-baron\/","title":{"rendered":"Ch\u00e2teau Pichon Baron"},"content":{"rendered":"","protected":false},"excerpt":{"rendered":"<p data-pm-slice=\"1 1 []\">The 2015 Ch\u00e2teau Pichon-Baron is a majestic Pauillac Deuxi\u00e8me Grand Cru Class\u00e9, from one of the most prestigious estates in the M\u00e9doc. With a history dating back to the late 17th century, Ch\u00e2teau Pichon-Baron is celebrated for its deep-rooted tradition and uncompromising commitment to quality. The vineyards are situated on exceptional gravel plateaus that ensure perfect drainage and optimal ripening of the grapes.<\/p>\n<p>The blend of the 2015 vintage consists of 77% Cabernet Sauvignon and 23% Merlot, resulting in a wine with both power and refinement. The Cabernet Sauvignon delivers structure, depth and intense aromatic complexity, while the Merlot provides roundness and softness.<\/p>\n<p>In the glass, the wine shows a deep, almost opaque purple colour. The bouquet is rich and expressive, with aromas of blackcurrant, cassis, graphite and a hint of violets. Subtle notes of cedar, tobacco and dark chocolate add layering. On the palette, Ch\u00e2teau Pichon-Baron 2015 offers impressive concentration with silky tannins, lively acidity and wonderful balance. The long, refined finish is characterised by mineral accents and elegant spicy nuances.<\/p>\n<p>The wine has matured for 18 months in French oak barrels, 80% of which are new. This ageing adds a refined structure and subtle wood tones, without overpowering the fruit expression.<\/p>\n<p>Ch\u00e2teau Pichon-Baron 2015 has exceptional storage potential of 20 to 30 years<\/p>","protected":false},"featured_media":1841,"comment_status":"open","ping_status":"closed","template":"","meta":{"site-sidebar-layout":"default","site-content-layout":"","ast-site-content-layout":"default","site-content-style":"default","site-sidebar-style":"default","ast-global-header-display":"","ast-banner-title-visibility":"","ast-main-header-display":"","ast-hfb-above-header-display":"","ast-hfb-below-header-display":"","ast-hfb-mobile-header-display":"","site-post-title":"","ast-breadcrumbs-content":"","ast-featured-img":"","footer-sml-layout":"","ast-disable-related-posts":"","theme-transparent-header-meta":"default","adv-header-id-meta":"","stick-header-meta":"default","header-above-stick-meta":"","header-main-stick-meta":"","header-below-stick-meta":"","astra-migrate-meta-layouts":"set","ast-page-background-enabled":"default","ast-page-background-meta":{"desktop":{"background-color":"var(--ast-global-color-4)","background-image":"","background-repeat":"repeat","background-position":"center center","background-size":"auto","background-attachment":"scroll","background-type":"","background-media":"","overlay-type":"","overlay-color":"","overlay-opacity":"","overlay-gradient":""},"tablet":{"background-color":"","background-image":"","background-repeat":"repeat","background-position":"center center","background-size":"auto","background-attachment":"scroll","background-type":"","background-media":"","overlay-type":"","overlay-color":"","overlay-opacity":"","overlay-gradient":""},"mobile":{"background-color":"","background-image":"","background-repeat":"repeat","background-position":"center center","background-size":"auto","background-attachment":"scroll","background-type":"","background-media":"","overlay-type":"","overlay-color":"","overlay-opacity":"","overlay-gradient":""}},"ast-content-background-meta":{"desktop":{"background-color":"var(--ast-global-color-5)","background-image":"","background-repeat":"repeat","background-position":"center center","background-size":"auto","background-attachment":"scroll","background-type":"","background-media":"","overlay-type":"","overlay-color":"","overlay-opacity":"","overlay-gradient":""},"tablet":{"background-color":"var(--ast-global-color-5)","background-image":"","background-repeat":"repeat","background-position":"center center","background-size":"auto","background-attachment":"scroll","background-type":"","background-media":"","overlay-type":"","overlay-color":"","overlay-opacity":"","overlay-gradient":""},"mobile":{"background-color":"var(--ast-global-color-5)","background-image":"","background-repeat":"repeat","background-position":"center center","background-size":"auto","background-attachment":"scroll","background-type":"","background-media":"","overlay-type":"","overlay-color":"","overlay-opacity":"","overlay-gradient":""}}},"product_brand":[],"product_cat":[79],"product_tag":[177],"class_list":{"0":"post-1726","1":"product","2":"type-product","3":"status-publish","4":"has-post-thumbnail","6":"product_cat-rode-wijnen","7":"product_tag-chateau-pichon-baron","8":"pa_regio-bordeaux","9":"pa_wijnhuis-chateau-pichon-baron","10":"desktop-align-center","11":"tablet-align-left","12":"mobile-align-center","13":"ast-product-gallery-layout-horizontal-slider","14":"ast-product-gallery-with-no-image","15":"ast-product-tabs-layout-horizontal","17":"first","18":"instock","19":"taxable","20":"shipping-taxable","21":"product-type-simple"},"_links":{"self":[{"href":"https:\/\/kemmewines.nl\/en\/wp-json\/wp\/v2\/product\/1726","targetHints":{"allow":["GET"]}}],"collection":[{"href":"https:\/\/kemmewines.nl\/en\/wp-json\/wp\/v2\/product"}],"about":[{"href":"https:\/\/kemmewines.nl\/en\/wp-json\/wp\/v2\/types\/product"}],"replies":[{"embeddable":true,"href":"https:\/\/kemmewines.nl\/en\/wp-json\/wp\/v2\/comments?post=1726"}],"version-history":[{"count":1,"href":"https:\/\/kemmewines.nl\/en\/wp-json\/wp\/v2\/product\/1726\/revisions"}],"predecessor-version":[{"id":1727,"href":"https:\/\/kemmewines.nl\/en\/wp-json\/wp\/v2\/product\/1726\/revisions\/1727"}],"wp:featuredmedia":[{"embeddable":true,"href":"https:\/\/kemmewines.nl\/en\/wp-json\/wp\/v2\/media\/1841"}],"wp:attachment":[{"href":"https:\/\/kemmewines.nl\/en\/wp-json\/wp\/v2\/media?parent=1726"}],"wp:term":[{"taxonomy":"product_brand","embeddable":true,"href":"https:\/\/kemmewines.nl\/en\/wp-json\/wp\/v2\/product_brand?post=1726"},{"taxonomy":"product_cat","embeddable":true,"href":"https:\/\/kemmewines.nl\/en\/wp-json\/wp\/v2\/product_cat?post=1726"},{"taxonomy":"product_tag","embeddable":true,"href":"https:\/\/kemmewines.nl\/en\/wp-json\/wp\/v2\/product_tag?post=1726"}],"curies":[{"name":"wp","href":"https:\/\/api.w.org\/{rel}","templated":true}]}}