{"id":624,"date":"2023-11-11T10:34:15","date_gmt":"2023-11-11T10:34:15","guid":{"rendered":"https:\/\/kemmewines.nl\/?post_type=product&#038;p=624"},"modified":"2024-12-11T22:58:52","modified_gmt":"2024-12-11T21:58:52","slug":"m-richomme-cuvee-generation-brut","status":"publish","type":"product","link":"https:\/\/kemmewines.nl\/en\/product\/m-richomme-cuvee-generation-brut\/","title":{"rendered":"M. Richomme Cuv\u00e9e G\u00e9n\u00e9ration Grand Cru"},"content":{"rendered":"","protected":false},"excerpt":{"rendered":"<p data-pm-slice=\"1 1 []\">The M. Richomme Cuv\u00e9e G\u00e9n\u00e9ration Grand Cru 2016 is an extraordinary champagne that embodies the elegance and finesse of the best Grand Cru vineyards in the Champagne region. This cuv\u00e9e is a tribute to generations of craftsmanship within the M. Richomme house and offers an impressive expression of the exceptional terroir.<\/p>\n<p>The blend of this champagne consists of 100% Chardonnay, sourced from Grand Cru vineyards in the prestigious C\u00f4te des Blancs. The chalky soils and cool climate of this region contribute to the freshness, minerality and complexity that characterise this wine. The 2016 vintage, a vintage of outstanding quality, offers grapes with a perfect balance between ripeness and acidity.<\/p>\n<p>The 2016 Cuv\u00e9e G\u00e9n\u00e9ration Grand Cru has matured for more than five years on yeast cells, which contributes to its complexity and refined mousse. In the glass, the champagne presents itself with a brilliant golden colour and a fine, persistent sparkle. The bouquet opens with aromas of white flowers, citrus fruits, brioche and a subtle hint of toasted almonds. On the palette, the champagne offers a silky texture, lively acidity and impressive depth. Flavours of lemon, peach and a hint of honey lead to a long, mineral finish.<\/p>\n<p>The M. Richomme Cuv\u00e9e G\u00e9n\u00e9ration Grand Cru 2016 is an ideal choice for festive occasions and pairs beautifully with refined dishes such as turbot with beurre blanc, lobster or a selection of delicate oysters. With a storage potential of 8 to 10 years, this champagne is an exceptional reflection of M. Richomme's expertise and tradition.<\/p>","protected":false},"featured_media":625,"comment_status":"open","ping_status":"closed","template":"","meta":{"site-sidebar-layout":"default","site-content-layout":"","ast-site-content-layout":"default","site-content-style":"default","site-sidebar-style":"default","ast-global-header-display":"","ast-banner-title-visibility":"","ast-main-header-display":"","ast-hfb-above-header-display":"","ast-hfb-below-header-display":"","ast-hfb-mobile-header-display":"","site-post-title":"","ast-breadcrumbs-content":"","ast-featured-img":"","footer-sml-layout":"","ast-disable-related-posts":"","theme-transparent-header-meta":"default","adv-header-id-meta":"","stick-header-meta":"default","header-above-stick-meta":"","header-main-stick-meta":"","header-below-stick-meta":"","astra-migrate-meta-layouts":"set","ast-page-background-enabled":"default","ast-page-background-meta":{"desktop":{"background-color":"var(--ast-global-color-4)","background-image":"","background-repeat":"repeat","background-position":"center center","background-size":"auto","background-attachment":"scroll","background-type":"","background-media":"","overlay-type":"","overlay-color":"","overlay-opacity":"","overlay-gradient":""},"tablet":{"background-color":"","background-image":"","background-repeat":"repeat","background-position":"center center","background-size":"auto","background-attachment":"scroll","background-type":"","background-media":"","overlay-type":"","overlay-color":"","overlay-opacity":"","overlay-gradient":""},"mobile":{"background-color":"","background-image":"","background-repeat":"repeat","background-position":"center center","background-size":"auto","background-attachment":"scroll","background-type":"","background-media":"","overlay-type":"","overlay-color":"","overlay-opacity":"","overlay-gradient":""}},"ast-content-background-meta":{"desktop":{"background-color":"var(--ast-global-color-5)","background-image":"","background-repeat":"repeat","background-position":"center center","background-size":"auto","background-attachment":"scroll","background-type":"","background-media":"","overlay-type":"","overlay-color":"","overlay-opacity":"","overlay-gradient":""},"tablet":{"background-color":"var(--ast-global-color-5)","background-image":"","background-repeat":"repeat","background-position":"center center","background-size":"auto","background-attachment":"scroll","background-type":"","background-media":"","overlay-type":"","overlay-color":"","overlay-opacity":"","overlay-gradient":""},"mobile":{"background-color":"var(--ast-global-color-5)","background-image":"","background-repeat":"repeat","background-position":"center center","background-size":"auto","background-attachment":"scroll","background-type":"","background-media":"","overlay-type":"","overlay-color":"","overlay-opacity":"","overlay-gradient":""}}},"product_brand":[],"product_cat":[76],"product_tag":[29],"class_list":{"0":"post-624","1":"product","2":"type-product","3":"status-publish","4":"has-post-thumbnail","6":"product_cat-mousserende-wijnen","7":"product_tag-m-richomme","8":"pa_regio-champagne","9":"pa_wijnhuis-m-richomme","10":"desktop-align-center","11":"tablet-align-left","12":"mobile-align-center","13":"ast-product-gallery-layout-horizontal-slider","14":"ast-product-gallery-with-no-image","15":"ast-product-tabs-layout-horizontal","17":"first","18":"instock","19":"taxable","20":"shipping-taxable","21":"product-type-simple"},"_links":{"self":[{"href":"https:\/\/kemmewines.nl\/en\/wp-json\/wp\/v2\/product\/624","targetHints":{"allow":["GET"]}}],"collection":[{"href":"https:\/\/kemmewines.nl\/en\/wp-json\/wp\/v2\/product"}],"about":[{"href":"https:\/\/kemmewines.nl\/en\/wp-json\/wp\/v2\/types\/product"}],"replies":[{"embeddable":true,"href":"https:\/\/kemmewines.nl\/en\/wp-json\/wp\/v2\/comments?post=624"}],"version-history":[{"count":5,"href":"https:\/\/kemmewines.nl\/en\/wp-json\/wp\/v2\/product\/624\/revisions"}],"predecessor-version":[{"id":1798,"href":"https:\/\/kemmewines.nl\/en\/wp-json\/wp\/v2\/product\/624\/revisions\/1798"}],"wp:featuredmedia":[{"embeddable":true,"href":"https:\/\/kemmewines.nl\/en\/wp-json\/wp\/v2\/media\/625"}],"wp:attachment":[{"href":"https:\/\/kemmewines.nl\/en\/wp-json\/wp\/v2\/media?parent=624"}],"wp:term":[{"taxonomy":"product_brand","embeddable":true,"href":"https:\/\/kemmewines.nl\/en\/wp-json\/wp\/v2\/product_brand?post=624"},{"taxonomy":"product_cat","embeddable":true,"href":"https:\/\/kemmewines.nl\/en\/wp-json\/wp\/v2\/product_cat?post=624"},{"taxonomy":"product_tag","embeddable":true,"href":"https:\/\/kemmewines.nl\/en\/wp-json\/wp\/v2\/product_tag?post=624"}],"curies":[{"name":"wp","href":"https:\/\/api.w.org\/{rel}","templated":true}]}}